{"id":4791,"date":"2020-12-29T17:47:03","date_gmt":"2020-12-29T17:47:03","guid":{"rendered":"https:\/\/www.dc16iupat.org\/?page_id=4791"},"modified":"2021-01-01T20:52:26","modified_gmt":"2021-01-01T20:52:26","slug":"member-dues-coming-soon","status":"publish","type":"page","link":"https:\/\/www.dc16iupat.org\/es\/member-dues-coming-soon\/","title":{"rendered":"Member Dues Coming Soon"},"content":{"rendered":"<section class=\"intro-section image-slider-section\">\n<div class=\"container\">\n<div class=\"row\">\n<div class=\"col-sm-12 col-md-6 slider-images\">\n<div class=\"hwwCarousel owl-carousel  owl-theme\">\n<div class=\"item\">\n\t\t\t\t\t        <img decoding=\"async\" src=\"\/\/www.dc16iupat.org\/wp-content\/uploads\/2020\/12\/MemberDues2.png\"><\/p><\/div>\n<\/p><\/div>\n<\/p><\/div>\n<div class=\"col-sm-12 col-md-6\">\n<div class=\"intro-main\">\n<div class=\"intro-content\">\n<h3 class=\"utransform\">PR\u00d3XIMAMENTE OPCIONES DE PAGO DE CUOTAS PARA MIEMBROS<\/h3>\n<p><p>Thank you for visiting our Online Dues portal. This feature is currently under construction. To pay your Over-the-Counter Dues today please send your check or money order payable to &#8220;<strong>District Council 16 Centralized Dues<\/strong>&#8221; and mail to District Council 16, Centralized Dues,&nbsp;<a>2705 Constitution Drive, Livermore, CA 94551<\/a>.<u><\/u><u><\/u><\/p>\n<p>We ask that you put your Member ID\/LU# in the &#8220;memo&#8221; portion of your payment.<u><\/u><u><\/u><\/p>\n<p>Para obtener m\u00e1s informaci\u00f3n sobre las cuotas centralizadas, comun\u00edquese con Salina Rosas al&nbsp;<a href=\"tel:925-301-9317\" target=\"_blank\" rel=\"noopener noreferrer\">925-301-9317<\/a>.<\/p>\n<\/p><\/div>\n<p>\t\t\t\t\t<a title=\"Home\" href=\"https:\/\/www.dc16iupat.org\/es\/\" class=\"utransform intro-link\">Home<\/a>\n\t\t\t\t\t\t\t\t\t<\/div>\n<\/p><\/div>\n<\/p><\/div>\n<\/p><\/div>\n<\/section>\n<p><!-- bfc9c276fe8e4d9ff45b5b7ade796f09 --><\/p>","protected":false},"excerpt":{"rendered":"<p>MEMBER DUES PAYMENT OPTIONS COMING SOON Thank you for visiting our Online Dues portal. This feature is currently under construction. To pay your Over-the-Counter Dues today please send your check or money order payable to &#8220;District Council 16 Centralized Dues&#8221; and mail to District Council 16, Centralized Dues,&nbsp;2705 Constitution Drive, Livermore, CA 94551. We ask [&hellip;]<\/p>\n","protected":false},"author":5,"featured_media":0,"parent":0,"menu_order":0,"comment_status":"closed","ping_status":"closed","template":"","meta":{"_acf_changed":false,"footnotes":""},"class_list":["post-4791","page","type-page","status-publish","hentry"],"acf":[],"jetpack_sharing_enabled":true,"_links":{"self":[{"href":"https:\/\/www.dc16iupat.org\/es\/wp-json\/wp\/v2\/pages\/4791","targetHints":{"allow":["GET"]}}],"collection":[{"href":"https:\/\/www.dc16iupat.org\/es\/wp-json\/wp\/v2\/pages"}],"about":[{"href":"https:\/\/www.dc16iupat.org\/es\/wp-json\/wp\/v2\/types\/page"}],"author":[{"embeddable":true,"href":"https:\/\/www.dc16iupat.org\/es\/wp-json\/wp\/v2\/users\/5"}],"replies":[{"embeddable":true,"href":"https:\/\/www.dc16iupat.org\/es\/wp-json\/wp\/v2\/comments?post=4791"}],"version-history":[{"count":0,"href":"https:\/\/www.dc16iupat.org\/es\/wp-json\/wp\/v2\/pages\/4791\/revisions"}],"wp:attachment":[{"href":"https:\/\/www.dc16iupat.org\/es\/wp-json\/wp\/v2\/media?parent=4791"}],"curies":[{"name":"wp","href":"https:\/\/api.w.org\/{rel}","templated":true}]}}